{"id":1859,"date":"2020-05-06T19:35:21","date_gmt":"2020-05-06T17:35:21","guid":{"rendered":"https:\/\/newportal.classik-hotel-collection.com\/?page_id=1859"},"modified":"2026-04-01T09:33:00","modified_gmt":"2026-04-01T07:33:00","slug":"imprint","status":"publish","type":"page","link":"https:\/\/classik-hotel-collection.com\/en\/imprint\/","title":{"rendered":"Imprint"},"content":{"rendered":"<p>[et_pb_section fb_built=&#8221;1&#8243; module_class=&#8221;header-top-section&#8221; _builder_version=&#8221;4.16&#8243; use_background_color_gradient=&#8221;on&#8221; background_color_gradient_stops=&#8221;rgba(0,0,0,0.5) 0%|rgba(0,0,0,0.5) 100%&#8221; background_color_gradient_overlays_image=&#8221;on&#8221; background_color_gradient_start=&#8221;rgba(0,0,0,0.5)&#8221; background_color_gradient_end=&#8221;rgba(0,0,0,0.5)&#8221; background_image=&#8221;http:\/\/classik-hotel-collection.com\/wp-content\/uploads\/2020\/04\/Hotel-Alexander-Plaza-Lobby-Detailansicht.jpg&#8221; custom_margin=&#8221;||||false|false&#8221; custom_padding=&#8221;200px||120px||false|false&#8221; global_colors_info=&#8221;{}&#8221;][et_pb_row _builder_version=&#8221;4.16&#8243; global_colors_info=&#8221;{}&#8221;][et_pb_column type=&#8221;4_4&#8243; _builder_version=&#8221;4.16&#8243; global_colors_info=&#8221;{}&#8221;][et_pb_text module_class=&#8221;header-top-modul&#8221; _builder_version=&#8221;4.18.0&#8243; header_text_align=&#8221;center&#8221; header_text_color=&#8221;#ffffff&#8221; global_colors_info=&#8221;{}&#8221;]<\/p>\n<h1>Legal Notice<\/h1>\n<p>[\/et_pb_text][\/et_pb_column][\/et_pb_row][\/et_pb_section][et_pb_section fb_built=&#8221;1&#8243; _builder_version=&#8221;4.16&#8243; global_colors_info=&#8221;{}&#8221;][et_pb_row column_structure=&#8221;3_5,2_5&#8243; _builder_version=&#8221;4.16&#8243; max_width=&#8221;100%&#8221; global_colors_info=&#8221;{}&#8221;][et_pb_column type=&#8221;3_5&#8243; _builder_version=&#8221;4.16&#8243; global_colors_info=&#8221;{}&#8221;][et_pb_text _builder_version=&#8221;4.27.4&#8243; _module_preset=&#8221;default&#8221; global_colors_info=&#8221;{}&#8221;]<\/p>\n<h2><strong>Classik\u00ae Hotel Collection GmbH<\/strong><\/h2>\n<p>Rosenstra\u00dfe 1<br \/>10178 Berlin<br \/>Germany<\/p>\n<p>Tel. +49 30 240010<\/p>\n<p><span style=\"color: #3f736b;\"><a style=\"color: #3f736b;\" href=\"mailto:info@classik-hotel-collection.com\">info@classik-hotel-collection.com<\/a><\/span><br \/><span style=\"color: #3f736b;\"><a style=\"color: #3f736b;\" href=\"https:\/\/www.classik-hotel-collection.com\">www.classik-hotel-collection.com<\/a><\/span><\/p>\n<p>Classik Hotel Collection GmbH<br \/>Managing Directors: Dipl.Kfm. Simone Graebner and Paul L. Dreykluft<br \/>HRB 201717 B | Charlottenburg District Court<br \/>VAT ID DE163383798<\/p>\n<p>[\/et_pb_text][et_pb_text _builder_version=&#8221;4.27.2&#8243; _module_preset=&#8221;default&#8221; global_colors_info=&#8221;{}&#8221;]<\/p>\n<p><strong>Content of the online offering<\/strong><br \/>\nThank you for your interest in our online presence. Classik Hotel Collection GmbH (hereinafter: Classik Hotel Collection) has compiled the content of this website with the greatest possible care and ensures that it is updated regularly. However, the details provided are for the purpose of general information only. Classik Hotel Collection cannot guarantee the currentness, correctness, completeness or quality of the information provided. Liability claims against Classik Hotel Collection for material or immaterial damages arising from the use of, or failure to use, the information provided and\/or from the use of incorrect or incomplete information are generally excluded, insofar as there was no demonstrably intentional or grossly negligent conduct on the part of Classik Hotel Collection. The entire offering is subject to change and non-binding. Classik Hotel Collection explicitly reserves the right to amend, supplement or delete parts of the website, or the entire online offering, without further prior notice, or to suspend or end their publication.<\/p>\n<p><strong>References and links<\/strong><br \/>\nIn the case of direct or indirect links to external websites (links) outside the responsibility of Classik Hotel Collection, liability would only result if Classik Hotel Collection were aware of illegal content, and where it is technically feasible and reasonable to expect its use to be prevented. Classik Hotel Collection hereby explicitly states that when the links were published no illegal content was recognisable on the linked websites. Classik Hotel Collection has no influence over the current or future design, content or authorship of the linked websites. The company therefore hereby explicitly distances itself from all content on all linked websites that has been amended since the links were published. These statements apply to links published within the company&#8217;s own online offering, along with entries in guest books, discussion forums and mailing lists set up by Classik Hotel Collection. Liability for illegal, incorrect or incomplete content, and particularly for damages arising from the use of, or failure to use, such information lies solely with the publisher of the linked website, and not the publisher of a website that simply refers to the respective publication.<\/p>\n<p><strong>Copyright and trademark law<\/strong><br \/>\nClassik Hotel Collection does its utmost to respect copyrights to images, audio documents, video sequences and text used in all of its publications, to use its own images, audio documents, video sequences and text, or to use licence-free images, audio documents, video sequences and text. All protected third-party trademarks and brands referred to in the online offering are subject, without limitation, to the provisions of the respective applicable trademark law and the property rights of the respective registered owner. References to such trademarks and brands do not mean that they are not protected by the rights of third parties! The copyright to content created and published by Classik Hotel Collection remains the exclusive property of Classik Hotel Collection. The reproduction or use of such images, audio documents, video sequences and text in other electronic or print publications without the explicit consent of Classik Hotel Collection is prohibited.\n<\/p>\n<p>&nbsp;[\/et_pb_text][\/et_pb_column][et_pb_column type=&#8221;2_5&#8243; _builder_version=&#8221;4.16&#8243; global_colors_info=&#8221;{}&#8221;][et_pb_toggle title=&#8221;Classik Hotel Magdeburg | Franchise &#038; Management by  Classik Hotel Collection GmbH&#8221; open_toggle_background_color=&#8221;#ffffff&#8221; closed_toggle_background_color=&#8221;#ffffff&#8221; icon_color=&#8221;#61181F&#8221; use_icon_font_size=&#8221;on&#8221; icon_font_size=&#8221;30px&#8221; open_icon_color=&#8221;#61181F&#8221; open_use_icon_font_size=&#8221;on&#8221; open_icon_font_size=&#8221;30px&#8221; _builder_version=&#8221;4.27.4&#8243; title_text_color=&#8221;#000000&#8243; title_level=&#8221;h3&#8243; title_line_height=&#8221;1.4em&#8221; custom_margin=&#8221;||||false|false&#8221; custom_css_toggle_title=&#8221;font-size: 24px!important;&#8221; border_width_all=&#8221;0px&#8221; box_shadow_style=&#8221;preset2&#8243; global_colors_info=&#8221;{}&#8221; title_font_size__hover_enabled=&#8221;off|desktop&#8221;]<\/p>\n<p>Leipziger Chaussee 141<br \/>39120 Magdeburg<br \/>Germany<\/p>\n<p>Tel. +49 391 62900<\/p>\n<p><span class=\"x_MsoHyperlink\" style=\"color: #3f736b;\"><a style=\"color: #3f736b;\" href=\"mailto:reception.mch@classik-hotel-collection.com\" target=\"_blank\" rel=\"noopener noreferrer\">reception.mch@classik-hotel-collection.com<\/a><\/span><\/p>\n<p>CHM Investition GmbH &amp; Co. KG |<br \/>Cologne District Court | HRA 29630 | VAT ID: DE289611940<\/p>\n<p>Franchise &amp; Management by Classik Hotel Collection<br \/>Complementary: Convalor Holding GmbH<br \/>Bayenthalg\u00fcrtel 26 | 50968 K\u00f6ln | Managing Director: Erwin Walter Graebner, Jan Hendrik Froesch, Dr. Oliver B\u00e4umler | Cologne District Court | HRB 6425<\/p>\n<p>[\/et_pb_toggle][et_pb_toggle title=&#8221;Classik Hotel Antonius | Franchise &#038; Management by  Classik Hotel Collection GmbH&#8221; open_toggle_background_color=&#8221;#ffffff&#8221; closed_toggle_background_color=&#8221;#ffffff&#8221; icon_color=&#8221;#61181F&#8221; use_icon_font_size=&#8221;on&#8221; icon_font_size=&#8221;30px&#8221; open_icon_color=&#8221;#61181F&#8221; open_use_icon_font_size=&#8221;on&#8221; open_icon_font_size=&#8221;30px&#8221; disabled_on=&#8221;off|off|off&#8221; _builder_version=&#8221;4.27.4&#8243; title_text_color=&#8221;#000000&#8243; title_level=&#8221;h3&#8243; title_line_height=&#8221;1.4em&#8221; custom_margin=&#8221;||||false|false&#8221; custom_css_toggle_title=&#8221;font-size: 24px!important;&#8221; border_width_all=&#8221;0px&#8221; box_shadow_style=&#8221;preset2&#8243; global_colors_info=&#8221;{}&#8221; title_font_size__hover_enabled=&#8221;off|desktop&#8221;]Dagobertstra\u00dfe 32<br \/>\n50668 Cologne<br \/>\nGermany<\/p>\n<p>Tel. + 49 221 1680310<\/p>\n<p><span class=\"x_MsoHyperlink\" style=\"color: #3f736b;\"><a style=\"color: #3f736b;\" href=\"mailto:reception.kan@classik-hotel-collection.com\" target=\"_blank\" rel=\"noopener noreferrer\">reception.kan@classik-hotel-collection.com<\/a><\/span><\/p>\n<p>Dagobertstra\u00dfe 32 GmbH &#038; Co. KG |<br \/>\nCologne District Court | HRA 38450 |<br \/>\nVAT ID: DE460732789<\/p>\n<p>Franchise &#038; Management by Classik Hotel Collection<br \/>\nComplementary: Dagobertstra\u00dfe 32 Verwaltungs GmbH | Cologne District Court | HRB 125370<br \/>\nBayenthalg\u00fcrtel 26 | 50968 Cologne | Managing Director: Dr. Oliver B\u00e4umler, Heide-Kathrin Erika Graebner |Authorised signatory: Paul L. Dreykluft<\/p>\n<p>[\/et_pb_toggle][et_pb_toggle title=&#8221;Data protection officer&#8221; open_toggle_background_color=&#8221;#ffffff&#8221; closed_toggle_background_color=&#8221;#ffffff&#8221; icon_color=&#8221;#61181F&#8221; use_icon_font_size=&#8221;on&#8221; icon_font_size=&#8221;30px&#8221; open_icon_color=&#8221;#61181F&#8221; open_use_icon_font_size=&#8221;on&#8221; open_icon_font_size=&#8221;30px&#8221; _builder_version=&#8221;4.27.4&#8243; title_text_color=&#8221;#000000&#8243; title_level=&#8221;h3&#8243; custom_margin=&#8221;||||false|false&#8221; custom_css_toggle_title=&#8221;font-size: 24px!important;&#8221; border_width_all=&#8221;0px&#8221; box_shadow_style=&#8221;preset2&#8243; global_colors_info=&#8221;{}&#8221; title_font_size__hover_enabled=&#8221;off|desktop&#8221;]<\/p>\n<p>Data Solution LUD GmbH<\/p>\n<p>Kay K\u00fchnel<br \/><span style=\"color: #3f736b;\"><a style=\"color: #3f736b;\" href=\"mailto:kuehnel.kay@web.de\">kuehnel.kay@web.de<\/a><\/span><\/p>\n<p>[\/et_pb_toggle][et_pb_toggle title=&#8221;Photographs and press images&#8221; open_toggle_background_color=&#8221;#ffffff&#8221; closed_toggle_background_color=&#8221;#ffffff&#8221; icon_color=&#8221;#61181F&#8221; use_icon_font_size=&#8221;on&#8221; icon_font_size=&#8221;30px&#8221; open_icon_color=&#8221;#61181F&#8221; open_use_icon_font_size=&#8221;on&#8221; open_icon_font_size=&#8221;30px&#8221; _builder_version=&#8221;4.27.4&#8243; title_text_color=&#8221;#000000&#8243; title_level=&#8221;h3&#8243; custom_margin=&#8221;||||false|false&#8221; custom_css_toggle_title=&#8221;font-size: 24px!important;&#8221; border_width_all=&#8221;0px&#8221; box_shadow_style=&#8221;preset2&#8243; global_colors_info=&#8221;{}&#8221; title_font_size__hover_enabled=&#8221;off|desktop&#8221;]<\/p>\n<p>Christoph Leniger<br \/>Thomas Hartmann<\/p>\n<p>Soenne &#8211; Architekturfotograf DGPh<br \/><span style=\"color: #3f736b;\"><a style=\"color: #3f736b;\" href=\"mailto:moin@soenne.de\">moin@soenne.de<\/a><\/span><br \/><span style=\"color: #3f736b;\"><a style=\"color: #3f736b;\" href=\"https:\/\/www.soenne.de\">www.soenne.com<\/a><\/span><\/p>\n<p>Stock photos from <span style=\"color: #3f736b;\"><a style=\"color: #3f736b;\" href=\"http:\/\/www.shutterstock.com\">www.shutterstock.com<\/a><\/span><\/p>\n<p>[\/et_pb_toggle][et_pb_toggle title=&#8221;Mandatory information (EU) No 524\/2013&#8243; open_toggle_background_color=&#8221;#ffffff&#8221; closed_toggle_background_color=&#8221;#ffffff&#8221; icon_color=&#8221;#61181F&#8221; use_icon_font_size=&#8221;on&#8221; icon_font_size=&#8221;30px&#8221; open_icon_color=&#8221;#61181F&#8221; open_use_icon_font_size=&#8221;on&#8221; open_icon_font_size=&#8221;30px&#8221; _builder_version=&#8221;4.27.4&#8243; title_text_color=&#8221;#000000&#8243; title_level=&#8221;h3&#8243; custom_margin=&#8221;||||false|false&#8221; custom_css_toggle_title=&#8221;font-size: 24px!important;&#8221; border_width_all=&#8221;0px&#8221; box_shadow_style=&#8221;preset2&#8243; global_colors_info=&#8221;{}&#8221; title_font_size__hover_enabled=&#8221;off|desktop&#8221;]<\/p>\n<div id=\"ui-accordion-1-panel-5\" class=\"accordion-content ui-accordion-content ui-helper-reset ui-widget-content ui-corner-bottom ui-accordion-content-active\" role=\"tabpanel\" aria-labelledby=\"ui-accordion-1-header-5\" aria-expanded=\"true\" aria-hidden=\"false\">\n<p>Mandatory information according to the Regulation (EU) No 524\/2013 of the European Parliament and of the Council:<br \/>Link to the website of the European Commission\u2019s online dispute resolution service for consumer disputes: <span style=\"color: #3f736b;\"><a style=\"color: #3f736b;\" href=\"http:\/\/ec.europa.eu\/consumers\/odr\/\">ec.europa.eu\/consumers\/odr\/<\/a> <\/span>&#8211; further information is available there as of 15 February 2016.<\/p>\n<p><strong>If you have any further questions, please feel free to contact us directly:<\/strong><\/p>\n<p>Classik Hotel Collection GmbH<br \/>Rosenstra\u00dfe 1<br \/>10178 Berlin<br \/>Germany<\/p>\n<p>Tel. +49 30 240010<br \/>Fax +49 30 240011 17<br \/><span style=\"color: #3f736b;\"><a style=\"color: #3f736b;\" href=\"mailto:info@classik-hotel-collection.com\">info@classik-hotel-collection.com<\/a><\/span><\/p>\n<\/div>\n<p>[\/et_pb_toggle][\/et_pb_column][\/et_pb_row][\/et_pb_section]<\/p>\n","protected":false},"excerpt":{"rendered":"<p>Legal NoticeClassik\u00ae Hotel Collection GmbH Rosenstra\u00dfe 110178 BerlinGermany Tel. +49 30 240010 info@classik-hotel-collection.comwww.classik-hotel-collection.com Classik Hotel Collection GmbHManaging Directors: Dipl.Kfm. Simone Graebner and Paul L. DreykluftHRB 201717 B | Charlottenburg District CourtVAT ID DE163383798Content of the online offering Thank you for your interest in our online presence. Classik Hotel Collection GmbH (hereinafter: Classik Hotel Collection) has compiled the content of this website with the greatest possible care and ensures that it is updated regularly. However, the details provided are for the purpose of general information only. Classik Hotel Collection cannot guarantee the currentness, correctness, completeness or quality of the information provided. Liability claims against Classik Hotel Collection for material or immaterial damages arising from the use of, or failure to use, the information provided and\/or from the use of incorrect or incomplete information are generally excluded, insofar as there was no demonstrably intentional or grossly negligent conduct on the part of Classik Hotel Collection. The entire offering is subject to change and non-binding. Classik Hotel Collection explicitly reserves the right to amend, supplement or delete parts of the website, or the entire online offering, without further prior notice, or to suspend or end their publication. References and links In the case [&hellip;]<\/p>\n","protected":false},"author":18,"featured_media":0,"parent":0,"menu_order":0,"comment_status":"closed","ping_status":"closed","template":"","meta":{"_et_pb_use_builder":"on","_et_pb_old_content":"","_et_gb_content_width":"","footnotes":""},"class_list":["post-1859","page","type-page","status-publish","hentry"],"yoast_head":"<!-- This site is optimized with the Yoast SEO Premium plugin v25.1 (Yoast SEO v27.4) - https:\/\/yoast.com\/product\/yoast-seo-premium-wordpress\/ -->\n<title>Imprint &#8211; Hotelwebsite Classik Hotel Collection<\/title>\n<meta name=\"description\" content=\"Imprint and legal notice information Classik Hotel Collection\" \/>\n<meta name=\"robots\" content=\"index, follow, max-snippet:-1, max-image-preview:large, max-video-preview:-1\" \/>\n<link rel=\"canonical\" href=\"https:\/\/classik-hotel-collection.com\/en\/imprint\/\" \/>\n<meta property=\"og:locale\" content=\"en_US\" \/>\n<meta property=\"og:type\" content=\"article\" \/>\n<meta property=\"og:title\" content=\"Imprint\" \/>\n<meta property=\"og:description\" content=\"Imprint and legal notice information Classik Hotel Collection\" \/>\n<meta property=\"og:url\" content=\"https:\/\/classik-hotel-collection.com\/en\/imprint\/\" \/>\n<meta property=\"og:site_name\" content=\"Hotelwebsite Classik Hotel Collection\" \/>\n<meta property=\"article:publisher\" content=\"https:\/\/www.facebook.com\/classikhotelcollection\/\" \/>\n<meta property=\"article:modified_time\" content=\"2026-04-01T07:33:00+00:00\" \/>\n<meta name=\"twitter:card\" content=\"summary_large_image\" \/>\n<meta name=\"twitter:label1\" content=\"Est. reading time\" \/>\n\t<meta name=\"twitter:data1\" content=\"5 minutes\" \/>\n<script type=\"application\/ld+json\" class=\"yoast-schema-graph\">{\"@context\":\"https:\\\/\\\/schema.org\",\"@graph\":[{\"@type\":\"WebPage\",\"@id\":\"https:\\\/\\\/classik-hotel-collection.com\\\/en\\\/imprint\\\/\",\"url\":\"https:\\\/\\\/classik-hotel-collection.com\\\/en\\\/imprint\\\/\",\"name\":\"Imprint &#8211; Hotelwebsite Classik Hotel Collection\",\"isPartOf\":{\"@id\":\"https:\\\/\\\/www.classik-hotel-collection.com\\\/en\\\/#website\"},\"datePublished\":\"2020-05-06T17:35:21+00:00\",\"dateModified\":\"2026-04-01T07:33:00+00:00\",\"description\":\"Imprint and legal notice information Classik Hotel Collection\",\"breadcrumb\":{\"@id\":\"https:\\\/\\\/classik-hotel-collection.com\\\/en\\\/imprint\\\/#breadcrumb\"},\"inLanguage\":\"en-US\",\"potentialAction\":[{\"@type\":\"ReadAction\",\"target\":[\"https:\\\/\\\/classik-hotel-collection.com\\\/en\\\/imprint\\\/\"]}]},{\"@type\":\"BreadcrumbList\",\"@id\":\"https:\\\/\\\/classik-hotel-collection.com\\\/en\\\/imprint\\\/#breadcrumb\",\"itemListElement\":[{\"@type\":\"ListItem\",\"position\":1,\"name\":\"Home\",\"item\":\"https:\\\/\\\/classik-hotel-collection.com\\\/en\\\/\"},{\"@type\":\"ListItem\",\"position\":2,\"name\":\"Imprint\"}]},{\"@type\":\"WebSite\",\"@id\":\"https:\\\/\\\/www.classik-hotel-collection.com\\\/en\\\/#website\",\"url\":\"https:\\\/\\\/www.classik-hotel-collection.com\\\/en\\\/\",\"name\":\"Classik Hotel Collection - Exklusive Boutique Hotels in erstklassiger Lage\",\"description\":\"Eine weitere WordPress-Website\",\"publisher\":{\"@id\":\"https:\\\/\\\/www.classik-hotel-collection.com\\\/en\\\/#organization\"},\"potentialAction\":[{\"@type\":\"SearchAction\",\"target\":{\"@type\":\"EntryPoint\",\"urlTemplate\":\"https:\\\/\\\/www.classik-hotel-collection.com\\\/en\\\/?s={search_term_string}\"},\"query-input\":{\"@type\":\"PropertyValueSpecification\",\"valueRequired\":true,\"valueName\":\"search_term_string\"}}],\"inLanguage\":\"en-US\"},{\"@type\":\"Organization\",\"@id\":\"https:\\\/\\\/www.classik-hotel-collection.com\\\/en\\\/#organization\",\"name\":\"Classik Hotel Collection GmbH\",\"url\":\"https:\\\/\\\/www.classik-hotel-collection.com\\\/en\\\/\",\"logo\":{\"@type\":\"ImageObject\",\"inLanguage\":\"en-US\",\"@id\":\"https:\\\/\\\/www.classik-hotel-collection.com\\\/en\\\/#\\\/schema\\\/logo\\\/image\\\/\",\"url\":\"http:\\\/\\\/classik-hotel-collection.com\\\/wp-content\\\/uploads\\\/2024\\\/10\\\/CKHC_Classik_Hotel_Dachmarke_SW_RGB.png\",\"contentUrl\":\"http:\\\/\\\/classik-hotel-collection.com\\\/wp-content\\\/uploads\\\/2024\\\/10\\\/CKHC_Classik_Hotel_Dachmarke_SW_RGB.png\",\"width\":2706,\"height\":1258,\"caption\":\"Classik Hotel Collection GmbH\"},\"image\":{\"@id\":\"https:\\\/\\\/www.classik-hotel-collection.com\\\/en\\\/#\\\/schema\\\/logo\\\/image\\\/\"},\"sameAs\":[\"https:\\\/\\\/www.facebook.com\\\/classikhotelcollection\\\/\",\"https:\\\/\\\/www.instagram.com\\\/classikhotelcollection\\\/\",\"https:\\\/\\\/de.linkedin.com\\\/company\\\/classik-hotel-collection\"]}]}<\/script>\n<!-- \/ Yoast SEO Premium plugin. -->","yoast_head_json":{"title":"Imprint &#8211; Hotelwebsite Classik Hotel Collection","description":"Imprint and legal notice information Classik Hotel Collection","robots":{"index":"index","follow":"follow","max-snippet":"max-snippet:-1","max-image-preview":"max-image-preview:large","max-video-preview":"max-video-preview:-1"},"canonical":"https:\/\/classik-hotel-collection.com\/en\/imprint\/","og_locale":"en_US","og_type":"article","og_title":"Imprint","og_description":"Imprint and legal notice information Classik Hotel Collection","og_url":"https:\/\/classik-hotel-collection.com\/en\/imprint\/","og_site_name":"Hotelwebsite Classik Hotel Collection","article_publisher":"https:\/\/www.facebook.com\/classikhotelcollection\/","article_modified_time":"2026-04-01T07:33:00+00:00","twitter_card":"summary_large_image","twitter_misc":{"Est. reading time":"5 minutes"},"schema":{"@context":"https:\/\/schema.org","@graph":[{"@type":"WebPage","@id":"https:\/\/classik-hotel-collection.com\/en\/imprint\/","url":"https:\/\/classik-hotel-collection.com\/en\/imprint\/","name":"Imprint &#8211; Hotelwebsite Classik Hotel Collection","isPartOf":{"@id":"https:\/\/www.classik-hotel-collection.com\/en\/#website"},"datePublished":"2020-05-06T17:35:21+00:00","dateModified":"2026-04-01T07:33:00+00:00","description":"Imprint and legal notice information Classik Hotel Collection","breadcrumb":{"@id":"https:\/\/classik-hotel-collection.com\/en\/imprint\/#breadcrumb"},"inLanguage":"en-US","potentialAction":[{"@type":"ReadAction","target":["https:\/\/classik-hotel-collection.com\/en\/imprint\/"]}]},{"@type":"BreadcrumbList","@id":"https:\/\/classik-hotel-collection.com\/en\/imprint\/#breadcrumb","itemListElement":[{"@type":"ListItem","position":1,"name":"Home","item":"https:\/\/classik-hotel-collection.com\/en\/"},{"@type":"ListItem","position":2,"name":"Imprint"}]},{"@type":"WebSite","@id":"https:\/\/www.classik-hotel-collection.com\/en\/#website","url":"https:\/\/www.classik-hotel-collection.com\/en\/","name":"Classik Hotel Collection - Exklusive Boutique Hotels in erstklassiger Lage","description":"Eine weitere WordPress-Website","publisher":{"@id":"https:\/\/www.classik-hotel-collection.com\/en\/#organization"},"potentialAction":[{"@type":"SearchAction","target":{"@type":"EntryPoint","urlTemplate":"https:\/\/www.classik-hotel-collection.com\/en\/?s={search_term_string}"},"query-input":{"@type":"PropertyValueSpecification","valueRequired":true,"valueName":"search_term_string"}}],"inLanguage":"en-US"},{"@type":"Organization","@id":"https:\/\/www.classik-hotel-collection.com\/en\/#organization","name":"Classik Hotel Collection GmbH","url":"https:\/\/www.classik-hotel-collection.com\/en\/","logo":{"@type":"ImageObject","inLanguage":"en-US","@id":"https:\/\/www.classik-hotel-collection.com\/en\/#\/schema\/logo\/image\/","url":"http:\/\/classik-hotel-collection.com\/wp-content\/uploads\/2024\/10\/CKHC_Classik_Hotel_Dachmarke_SW_RGB.png","contentUrl":"http:\/\/classik-hotel-collection.com\/wp-content\/uploads\/2024\/10\/CKHC_Classik_Hotel_Dachmarke_SW_RGB.png","width":2706,"height":1258,"caption":"Classik Hotel Collection GmbH"},"image":{"@id":"https:\/\/www.classik-hotel-collection.com\/en\/#\/schema\/logo\/image\/"},"sameAs":["https:\/\/www.facebook.com\/classikhotelcollection\/","https:\/\/www.instagram.com\/classikhotelcollection\/","https:\/\/de.linkedin.com\/company\/classik-hotel-collection"]}]}},"_links":{"self":[{"href":"https:\/\/classik-hotel-collection.com\/en\/wp-json\/wp\/v2\/pages\/1859","targetHints":{"allow":["GET"]}}],"collection":[{"href":"https:\/\/classik-hotel-collection.com\/en\/wp-json\/wp\/v2\/pages"}],"about":[{"href":"https:\/\/classik-hotel-collection.com\/en\/wp-json\/wp\/v2\/types\/page"}],"author":[{"embeddable":true,"href":"https:\/\/classik-hotel-collection.com\/en\/wp-json\/wp\/v2\/users\/18"}],"replies":[{"embeddable":true,"href":"https:\/\/classik-hotel-collection.com\/en\/wp-json\/wp\/v2\/comments?post=1859"}],"version-history":[{"count":13,"href":"https:\/\/classik-hotel-collection.com\/en\/wp-json\/wp\/v2\/pages\/1859\/revisions"}],"predecessor-version":[{"id":987519339,"href":"https:\/\/classik-hotel-collection.com\/en\/wp-json\/wp\/v2\/pages\/1859\/revisions\/987519339"}],"wp:attachment":[{"href":"https:\/\/classik-hotel-collection.com\/en\/wp-json\/wp\/v2\/media?parent=1859"}],"curies":[{"name":"wp","href":"https:\/\/api.w.org\/{rel}","templated":true}]}}